{"id":1656,"date":"2025-10-06T03:59:24","date_gmt":"2025-10-06T03:59:24","guid":{"rendered":"https:\/\/en-tee.cl\/?post_type=product&#038;p=1656"},"modified":"2025-11-19T22:21:34","modified_gmt":"2025-11-19T22:21:34","slug":"infusionhepatico","status":"publish","type":"product","link":"https:\/\/en-tee.cl\/index.php\/producto\/infusionhepatico\/","title":{"rendered":"Infusi\u00f3n Detox Hep\u00e1tico &#8211; Cardo Mariano + Boldo"},"content":{"rendered":"<p data-start=\"88\" data-end=\"160\"><strong data-start=\"88\" data-end=\"158\">Infusi\u00f3n Detox Hep\u00e1tico \u2013 Limpieza y bienestar desde la naturaleza<\/strong><\/p>\n<p data-start=\"162\" data-end=\"366\">La Infusi\u00f3n Detox Hep\u00e1tico de Entee combina las propiedades depurativas y protectoras del Cardo Mariano y el Boldo, plantas tradicionalmente utilizadas para favorecer la funci\u00f3n hep\u00e1tica y la digesti\u00f3n.<\/p>\n<p data-start=\"368\" data-end=\"546\">Su aroma herbal y efecto revitalizante la convierten en una excelente alternativa natural para apoyar la salud del h\u00edgado, mejorar la digesti\u00f3n y promover un bienestar general.<\/p>\n<p data-start=\"548\" data-end=\"693\">\u2728 Una infusi\u00f3n equilibrada que ayuda a limpiar el organismo, favorecer la circulaci\u00f3n y proporcionar alivio a molestias digestivas y hep\u00e1ticas.<\/p>\n<p data-start=\"695\" data-end=\"725\">\ud83c\udf3f <strong data-start=\"698\" data-end=\"723\">Componentes naturales<\/strong><\/p>\n<p data-start=\"727\" data-end=\"950\">\ud83c\udf31 <strong data-start=\"730\" data-end=\"766\">Cardo Mariano (Silybum marianum)<\/strong><br data-start=\"766\" data-end=\"769\" \/>Reconocido por su acci\u00f3n hepatoprotectora, ayuda a regenerar las c\u00e9lulas del h\u00edgado y mejorar la digesti\u00f3n, adem\u00e1s de favorecer la reducci\u00f3n de s\u00edntomas asociados a la menopausia.<\/p>\n<p data-start=\"952\" data-end=\"1137\">\ud83c\udf3f <strong data-start=\"955\" data-end=\"980\">Boldo (Peumus boldus)<\/strong><br data-start=\"980\" data-end=\"983\" \/>Tradicionalmente usado como depurativo y digestivo, contribuye a aliviar dispepsias, proteger las v\u00edas biliares y favorecer la funci\u00f3n renal y hep\u00e1tica.<\/p>\n<p data-start=\"1139\" data-end=\"1152\">\ud83d\udc9b <strong data-start=\"1142\" data-end=\"1150\">Usos<\/strong><\/p>\n<ul data-start=\"1154\" data-end=\"1554\">\n<li data-start=\"1154\" data-end=\"1240\">\n<p data-start=\"1156\" data-end=\"1240\">Molestias gastrointestinales y digestiones dif\u00edciles de tipo cr\u00f3nico (dispepsias).<\/p>\n<\/li>\n<li data-start=\"1241\" data-end=\"1271\">\n<p data-start=\"1243\" data-end=\"1271\">Laxante suave y diur\u00e9tico.<\/p>\n<\/li>\n<li data-start=\"1272\" data-end=\"1314\">\n<p data-start=\"1274\" data-end=\"1314\">Protector hep\u00e1tico y sedante nervioso.<\/p>\n<\/li>\n<li data-start=\"1315\" data-end=\"1398\">\n<p data-start=\"1317\" data-end=\"1398\">Apoyo frente a s\u00edntomas de alergias estacionales y niveles de az\u00facar en sangre.<\/p>\n<\/li>\n<li data-start=\"1399\" data-end=\"1471\">\n<p data-start=\"1401\" data-end=\"1471\">Beneficioso para v\u00edas urinarias inflamadas (cistitis o prostatitis).<\/p>\n<\/li>\n<li data-start=\"1472\" data-end=\"1554\">\n<p data-start=\"1474\" data-end=\"1554\">Mejora la circulaci\u00f3n sangu\u00ednea y ayuda a disminuir s\u00edntomas de la menopausia.<\/p>\n<\/li>\n<\/ul>\n<p data-start=\"1556\" data-end=\"1798\">\ud83c\udf3f <strong data-start=\"1559\" data-end=\"1582\">Modo de preparaci\u00f3n<\/strong><br data-start=\"1582\" data-end=\"1585\" \/>Coloca 1 bolsita en aproximadamente 200 ml de agua caliente.<br data-start=\"1645\" data-end=\"1648\" \/>Deja reposar entre 5 y 7 minutos antes de consumir.<br data-start=\"1699\" data-end=\"1702\" \/>Puedes disfrutarla caliente o fr\u00eda, hasta 3 veces al d\u00eda para aprovechar todos sus beneficios.<\/p>\n<p data-start=\"1800\" data-end=\"1821\">\u26a0\ufe0f <strong data-start=\"1803\" data-end=\"1819\">Precauciones<\/strong><\/p>\n<ul data-start=\"1823\" data-end=\"2176\">\n<li data-start=\"1823\" data-end=\"1887\">\n<p data-start=\"1825\" data-end=\"1887\">No usar en caso de obstrucci\u00f3n de la v\u00eda biliar (ictericia).<\/p>\n<\/li>\n<li data-start=\"1888\" data-end=\"1962\">\n<p data-start=\"1890\" data-end=\"1962\">No usar por periodos prolongados ni infusiones demasiado concentradas.<\/p>\n<\/li>\n<li data-start=\"1963\" data-end=\"2030\">\n<p data-start=\"1965\" data-end=\"2030\">En pacientes con c\u00e1lculos renales, solo bajo vigilancia m\u00e9dica.<\/p>\n<\/li>\n<li data-start=\"2031\" data-end=\"2085\">\n<p data-start=\"2033\" data-end=\"2085\">No reemplaza tratamientos indicados por su m\u00e9dico.<\/p>\n<\/li>\n<li data-start=\"2086\" data-end=\"2176\">\n<p data-start=\"2088\" data-end=\"2176\">No se recomienda su administraci\u00f3n durante el embarazo ni en ni\u00f1os menores de 10 a\u00f1os.<\/p>\n<\/li>\n<\/ul>\n<p data-start=\"2178\" data-end=\"2202\">\ud83c\udf3f <strong data-start=\"2181\" data-end=\"2200\">Modo de consumo<\/strong><\/p>\n<p data-start=\"2204\" data-end=\"2263\">Consumir caliente o fr\u00eda, tres veces al d\u00eda, diariamente.<\/p>\n<p data-start=\"2265\" data-end=\"2356\">\u2705 <strong data-start=\"2267\" data-end=\"2284\">Presentaci\u00f3n:<\/strong> Caja con 18 unidades.<br data-start=\"2306\" data-end=\"2309\" \/>\ud83d\udd52 <strong data-start=\"2312\" data-end=\"2325\">Duraci\u00f3n:<\/strong> 2 a\u00f1os desde su elaboraci\u00f3n.<\/p>\n<p data-start=\"2358\" data-end=\"2408\"><strong data-start=\"2358\" data-end=\"2406\">Entee \u2013 Bienestar que nace de la naturaleza.<\/strong><\/p>\n<p data-start=\"2410\" data-end=\"2488\">#InfusionesNaturales #DetoxHep\u00e1tico #BienestarNatural #SaludDigestiva #Entee<\/p>\n","protected":false},"excerpt":{"rendered":"<p>Valores con <span style=\"color: #008000;\"><strong>IVA incluido.<\/strong><\/span><\/p>\n<hr \/>\n<p>\u00bfTienes un <b>negocio, cafeter\u00eda, o emprendimiento<\/b>? En <b>EnTee<\/b> te ofrecemos la oportunidad de llevar la mejor selecci\u00f3n de t\u00e9s e infusiones a tus clientes.<br \/>\nContamos con un plan de <b>Ventas al por Mayor<\/b> dise\u00f1ado especialmente para ti, con <b>valores y descuentos especiales<\/b> por volumen.<\/p>\n<p>Cont\u00e1ctenos en: <img decoding=\"async\" class=\"alignnone wp-image-1641\" src=\"https:\/\/en-tee.cl\/wp-content\/uploads\/2021\/12\/Whatsapp-300x300.png\" alt=\"\" width=\"24\" height=\"24\" srcset=\"https:\/\/en-tee.cl\/wp-content\/uploads\/2021\/12\/Whatsapp-300x300.png 300w, https:\/\/en-tee.cl\/wp-content\/uploads\/2021\/12\/Whatsapp-150x150.png 150w, https:\/\/en-tee.cl\/wp-content\/uploads\/2021\/12\/Whatsapp-500x500.png 500w, https:\/\/en-tee.cl\/wp-content\/uploads\/2021\/12\/Whatsapp-100x100.png 100w, https:\/\/en-tee.cl\/wp-content\/uploads\/2021\/12\/Whatsapp.png 512w\" sizes=\"(max-width: 24px) 100vw, 24px\" \/><strong><span style=\"color: #008000;\"> +56 9 50504365<\/span><\/strong><\/p>\n<hr \/>\n<p style=\"text-align: left;\"><img decoding=\"async\" class=\"wp-image-1639 alignleft\" src=\"https:\/\/en-tee.cl\/wp-content\/uploads\/2021\/12\/Libre-001-300x300.png\" alt=\"\" width=\"106\" height=\"106\" srcset=\"https:\/\/en-tee.cl\/wp-content\/uploads\/2021\/12\/Libre-001-300x300.png 300w, https:\/\/en-tee.cl\/wp-content\/uploads\/2021\/12\/Libre-001-150x150.png 150w, https:\/\/en-tee.cl\/wp-content\/uploads\/2021\/12\/Libre-001-768x768.png 768w, https:\/\/en-tee.cl\/wp-content\/uploads\/2021\/12\/Libre-001-500x500.png 500w, https:\/\/en-tee.cl\/wp-content\/uploads\/2021\/12\/Libre-001-100x100.png 100w, https:\/\/en-tee.cl\/wp-content\/uploads\/2021\/12\/Libre-001.png 1000w\" sizes=\"(max-width: 106px) 100vw, 106px\" \/><\/p>\n<p><strong>Envios a todo Chile \ud83c\udde8\ud83c\uddf1<\/strong><\/p>\n","protected":false},"featured_media":1662,"template":"","meta":{"site-sidebar-layout":"no-sidebar","site-content-layout":"","ast-site-content-layout":"normal-width-container","site-content-style":"boxed","site-sidebar-style":"boxed","ast-global-header-display":"","ast-banner-title-visibility":"","ast-main-header-display":"","ast-hfb-above-header-display":"","ast-hfb-below-header-display":"","ast-hfb-mobile-header-display":"","site-post-title":"","ast-breadcrumbs-content":"","ast-featured-img":"","footer-sml-layout":"","theme-transparent-header-meta":"default","adv-header-id-meta":"","stick-header-meta":"","header-above-stick-meta":"","header-main-stick-meta":"","header-below-stick-meta":"","astra-migrate-meta-layouts":"set","ast-page-background-enabled":"default","ast-page-background-meta":{"desktop":{"background-color":"var(--ast-global-color-4)","background-image":"","background-repeat":"repeat","background-position":"center center","background-size":"auto","background-attachment":"scroll","background-type":"","background-media":"","overlay-type":"","overlay-color":"","overlay-opacity":"","overlay-gradient":""},"tablet":{"background-color":"","background-image":"","background-repeat":"repeat","background-position":"center center","background-size":"auto","background-attachment":"scroll","background-type":"","background-media":"","overlay-type":"","overlay-color":"","overlay-opacity":"","overlay-gradient":""},"mobile":{"background-color":"","background-image":"","background-repeat":"repeat","background-position":"center center","background-size":"auto","background-attachment":"scroll","background-type":"","background-media":"","overlay-type":"","overlay-color":"","overlay-opacity":"","overlay-gradient":""}},"ast-content-background-meta":{"desktop":{"background-color":"var(--ast-global-color-5)","background-image":"","background-repeat":"repeat","background-position":"center center","background-size":"auto","background-attachment":"scroll","background-type":"","background-media":"","overlay-type":"","overlay-color":"","overlay-opacity":"","overlay-gradient":""},"tablet":{"background-color":"var(--ast-global-color-5)","background-image":"","background-repeat":"repeat","background-position":"center center","background-size":"auto","background-attachment":"scroll","background-type":"","background-media":"","overlay-type":"","overlay-color":"","overlay-opacity":"","overlay-gradient":""},"mobile":{"background-color":"var(--ast-global-color-5)","background-image":"","background-repeat":"repeat","background-position":"center center","background-size":"auto","background-attachment":"scroll","background-type":"","background-media":"","overlay-type":"","overlay-color":"","overlay-opacity":"","overlay-gradient":""}},"_joinchat":[]},"product_brand":[],"product_cat":[37],"product_tag":[],"class_list":{"0":"post-1656","1":"product","2":"type-product","3":"status-publish","4":"has-post-thumbnail","6":"product_cat-caja-18-unidades","7":"desktop-align-center","8":"tablet-align-center","9":"mobile-align-center","11":"first","12":"instock","13":"shipping-taxable","14":"purchasable","15":"product-type-simple"},"_links":{"self":[{"href":"https:\/\/en-tee.cl\/index.php\/wp-json\/wp\/v2\/product\/1656","targetHints":{"allow":["GET"]}}],"collection":[{"href":"https:\/\/en-tee.cl\/index.php\/wp-json\/wp\/v2\/product"}],"about":[{"href":"https:\/\/en-tee.cl\/index.php\/wp-json\/wp\/v2\/types\/product"}],"wp:featuredmedia":[{"embeddable":true,"href":"https:\/\/en-tee.cl\/index.php\/wp-json\/wp\/v2\/media\/1662"}],"wp:attachment":[{"href":"https:\/\/en-tee.cl\/index.php\/wp-json\/wp\/v2\/media?parent=1656"}],"wp:term":[{"taxonomy":"product_brand","embeddable":true,"href":"https:\/\/en-tee.cl\/index.php\/wp-json\/wp\/v2\/product_brand?post=1656"},{"taxonomy":"product_cat","embeddable":true,"href":"https:\/\/en-tee.cl\/index.php\/wp-json\/wp\/v2\/product_cat?post=1656"},{"taxonomy":"product_tag","embeddable":true,"href":"https:\/\/en-tee.cl\/index.php\/wp-json\/wp\/v2\/product_tag?post=1656"}],"curies":[{"name":"wp","href":"https:\/\/api.w.org\/{rel}","templated":true}]}}